{"id":5,"date":"2025-10-13T13:20:06","date_gmt":"2025-10-13T11:20:06","guid":{"rendered":"https:\/\/bonusowy.hellostrona.pl\/?page_id=5"},"modified":"2025-10-26T15:24:02","modified_gmt":"2025-10-26T14:24:02","slug":"etap-2-0","status":"publish","type":"page","link":"https:\/\/bonusowy.hellostrona.pl\/","title":{"rendered":"Etap 2.0"},"content":{"rendered":"\n<h3 class=\"wp-block-heading\"><strong>Szkolenie Bonusowe (z pomini\u0119ciem Etap\u00f3w 1 i 2)<\/strong><\/h3>\n\n\n\n<p>Ciesz\u0119 si\u0119, \u017ce tutaj jeste\u015b i chcesz dzia\u0142a\u0107.<\/p>\n\n\n\n<p>Zapraszam Ci\u0119 do drugiego,&nbsp;<strong>bonusowego etapu szkolenia<\/strong>, stworzonego z my\u015bl\u0105 o tych, kt\u00f3rzy chc\u0105 przej\u015b\u0107 od razu do sedna \u2013 bez konieczno\u015bci uczestniczenia w Etapach 1 i 2.<\/p>\n\n\n\n<p>To szkolenie zosta\u0142o zaprojektowane tak, by\u015b m\u00f3g\u0142\/mog\u0142a skorzysta\u0107 z kluczowej wiedzy&nbsp;<strong>niezale\u017cnie od wcze\u015bniejszych etap\u00f3w<\/strong>. Nazywamy to roboczo \u201eEtapem 2.0\u201d, bo cho\u0107 to bonusowy materia\u0142, jest w pe\u0142ni warto\u015bciowy i mo\u017cesz z niego skorzysta\u0107&nbsp;<strong>samodzielnie i od razu<\/strong>.<\/p>\n\n\n\n<hr class=\"wp-block-separator has-alpha-channel-opacity\"\/>\n\n\n\n<p><strong><\/strong>Projekt MoneyStar zosta\u0142 stworzony dla tych, kt\u00f3rzy chc\u0105 zarabia\u0107 du\u017ce pieni\u0105dze, ale nie wiedz\u0105, od czego zacz\u0105\u0107.<\/p>\n\n\n\n<p>Nawet je\u015bli w kt\u00f3rym\u015b momencie pomy\u015blisz, \u017ce to nie dla Ciebie \u2013 czytaj do ko\u0144ca! Wszystko jest przygotowane etapami, tak aby krok po kroku nauczy\u0107 Ci\u0119 wszystkiego, czego potrzebujesz. I co wa\u017cne \u2013 nie musisz wydawa\u0107 pieni\u0119dzy na dodatkowe kursy czy szkolenia, bo wszystkie potrzebne narz\u0119dzia s\u0105 w projekcie.<\/p>\n\n\n\n<hr class=\"wp-block-separator has-alpha-channel-opacity\"\/>\n\n\n\n<p>Nasza kursantka Agnieszka przes\u0142a\u0142a swoje wyniki \u2013 a zaczyna\u0142a zaledwie ponad miesi\u0105c temu, od zera i bez do\u015bwiadczenia! <img loading=\"lazy\" decoding=\"async\" height=\"16\" width=\"16\" src=\"https:\/\/static.xx.fbcdn.net\/images\/emoji.php\/v9\/t50\/1\/16\/1f525.png\" alt=\"\ud83d\udd25\">Dzi\u015b mo\u017ce pochwali\u0107 si\u0119 <strong>1 605,72 z\u0142 <\/strong>wyp\u0142aconego wynagrodzenia, miejscem w TOP wynikach zespo\u0142u i \u015bwietnym tempem rozwoju!<\/p>\n\n\n\n<figure class=\"wp-block-image size-full is-resized\"><img loading=\"lazy\" decoding=\"async\" width=\"940\" height=\"788\" src=\"https:\/\/bonusowy.hellostrona.pl\/wp-content\/uploads\/2025\/10\/Dorota.png\" alt=\"\" class=\"wp-image-7\" style=\"width:1055px;height:auto\" srcset=\"https:\/\/bonusowy.hellostrona.pl\/wp-content\/uploads\/2025\/10\/Dorota.png 940w, https:\/\/bonusowy.hellostrona.pl\/wp-content\/uploads\/2025\/10\/Dorota-300x251.png 300w, https:\/\/bonusowy.hellostrona.pl\/wp-content\/uploads\/2025\/10\/Dorota-768x644.png 768w\" sizes=\"auto, (max-width: 940px) 100vw, 940px\" \/><\/figure>\n\n\n\n<p><\/p>\n\n\n\n<h4 class=\"wp-block-heading\"><strong>Teraz przedstawi\u0119 Ci produkt finansowy, na kt\u00f3rym b\u0119dziemy pracowa\u0107<\/strong>.<\/h4>\n\n\n\n<p>Nasza praca opiera si\u0119 na darmowych kontach bankowych. To w\u0142a\u015bnie one pozwalaj\u0105 nam generowa\u0107 najwi\u0119ksze zyski. Banki chc\u0105 pozyska\u0107 klienta i musz\u0105 wydawa\u0107 miliony na reklam\u0119 TV, p\u0142ac\u0105c te\u017c ro\u017cnym znanym osobom. Dlatego wi\u0119kszo\u015b\u0107 bank\u00f3w pozwala zarobi\u0107 na polecaniu swoich produkt\u00f3w za pomoc\u0105 sieci afiliacyjnych czyli program\u00f3w partnerskich. Ka\u017cdy nowy pozyskany klient to zarobek, a skoro bank zarobi to i Ty r\u00f3wnie\u017c!<\/p>\n\n\n\n<figure class=\"wp-block-image is-resized\"><img decoding=\"async\" src=\"https:\/\/lanpages.hellostrona.pl\/wp-content\/uploads\/2025\/09\/gwarantowane-4-1024x576-1.png\" alt=\"Projekt MoneyStar to gotowy system do wdro\u017cenia.\" class=\"wp-image-14\" style=\"width:1055px;height:auto\"\/><\/figure>\n\n\n\n<p><\/p>\n\n\n\n<p>Wszyscy wok\u00f3\u0142 uwa\u017caj\u0105, \u017ceby nie zak\u0142ada\u0107 kont bankowych, ale nie wiedz\u0105, \u017ce to w\u0142a\u015bnie na nich mo\u017cna zarobi\u0107&nbsp;<strong>najwi\u0119cej<\/strong>. Je\u015bli inni unikaj\u0105 tematu, Ty masz przed sob\u0105 ca\u0142y ocean mo\u017cliwo\u015bci i&nbsp;<strong>praktycznie<\/strong>&nbsp;<strong>\u017cadnej<\/strong>&nbsp;<strong>konkurencji<\/strong>. To w\u0142a\u015bnie na kontach generuje si\u0119 najwi\u0119ksze zyski \u2013 bo gdzie s\u0105 najwi\u0119ksze pieni\u0105dze, je\u015bli nie w finansach?<\/p>\n\n\n\n<p>A je\u015bli zaczniesz dzia\u0142a\u0107 teraz, korzystaj\u0105c z gotowego planu jakim jest Projekt MoneyStar, ju\u017c w pierwszym miesi\u0105cu przy odpowiednim zaanga\u017cowaniu wygenerujesz nawet 2 tysi\u0105ce z\u0142otych dodatkowego dochodu, pracuj\u0105c w domu, krok po kroku i, najwa\u017cniejsze, bez \u017cadnego ryzyka. Taka szansa trafia si\u0119 raz \u2013 a Ty mo\u017cesz wykorzysta\u0107 ten moment w pe\u0142ni!<\/p>\n\n\n\n<hr class=\"wp-block-separator has-alpha-channel-opacity\"\/>\n\n\n\n<p>W Projekcie mo\u017cna testowa\u0107 r\u00f3\u017cne produkty \u2013 od drobnych artyku\u0142\u00f3w, zeszyt\u00f3w, zabawek, a\u017c po meble czy us\u0142ugi na kart\u0119. Problem jest jednak taki, \u017ce: wi\u0119kszo\u015b\u0107 z nich jest p\u0142atna \u2013 trzeba wy\u0142o\u017cy\u0107 pieni\u0105dze z w\u0142asnej kieszeni, prowizje s\u0105 niskie, cz\u0119sto tylko kilka\u2013kilkana\u015bcie z\u0142otych, co przek\u0142ada si\u0119 na niemal zerowy zarobek.<\/p>\n\n\n\n<p>My pracujemy na kontach bankowych, poniewa\u017c s\u0105 ca\u0142kowicie darmowe, przynosz\u0105 najwy\u017csze prowizje \u2013 ju\u017c za jedno konto mo\u017cesz otrzyma\u0107&nbsp;<strong>od 90 do nawet 280 z\u0142,<\/strong>&nbsp;i to w\u0142a\u015bnie dzi\u0119ki temu ten model daje realny, a nie symboliczny zysk.<\/p>\n\n\n\n<hr class=\"wp-block-separator has-alpha-channel-opacity\"\/>\n\n\n\n<p><strong>Ju\u017c teraz mamy dla Ciebie Tw\u00f3j ranking kont bankowych.<\/strong><\/p>\n\n\n\n<p>Ca\u0142y projekt jest podzielony na 5 cz\u0119\u015bci + cz\u0119\u015b\u0107 6, w kt\u00f3rej zajmujemy si\u0119 wsp\u00f3lnie zamykaniem testowych kont, wi\u0119c Ty i Tw\u00f3j Polecony macie pe\u0142ne wsparcie od pocz\u0105tku do ko\u0144ca. Wszystko dzia\u0142a zgodnie z prawem, generujesz w\u0142asny doch\u00f3d, otrzymujesz premie od firmy, a dodatkowo banki same wyp\u0142acaj\u0105 bonusy ekstra za testowanie \u2013 bezpo\u015brednio na Twoje konto, po spe\u0142nieniu prostych i jasno opisanych warunk\u00f3w. System mamy dopracowany na ostatni guzik, korzysta z niego wiele os\u00f3b, a grup o tej tematyce na Facebooku nie da si\u0119 zliczy\u0107. To dzi\u015b najlepszy model wsp\u00f3\u0142pracy online \u2013 wystarczy spojrze\u0107, \u017ce po\u0142owa og\u0142osze\u0144 dotyczy w\u0142a\u015bnie tego typu dzia\u0142a\u0144.<\/p>\n\n\n\n<figure class=\"wp-block-image\"><img decoding=\"async\" src=\"https:\/\/firsttest.hellostrona.pl\/wp-content\/uploads\/2025\/09\/Praca-ONLINE-%F0%9F%92%BB%E2%9C%A8-%E2%9C%85-Zero-inwestycji-%E2%9C%85-Darmowe-materialy-i-pelne-wsparcie-%E2%9C%85-Zarabiasz-od-startu-%F0%9F%91%89-10-000-zl-po-3-miesiacach-gwarantowane.png\" alt=\"\" class=\"wp-image-27\"\/><\/figure>\n\n\n\n<h6 class=\"wp-block-heading\"><\/h6>\n\n\n\n<hr class=\"wp-block-separator has-alpha-channel-opacity\"\/>\n\n\n\n<h5 class=\"wp-block-heading\">Moim zadaniem jest nauczy\u0107 Ci\u0119, jak skutecznie porusza\u0107 si\u0119 i osi\u0105ga\u0107 wyniki w programach partnerskich \u2014 korzystaj\u0105c z odpowiedniej wiedzy, narz\u0119dzi i szkole\u0144.<\/h5>\n\n\n\n<h5 class=\"wp-block-heading\">\u017beby m\u00f3c przetestowa\u0107 te konta, wystarczy je <em><mark style=\"background-color:rgba(0, 0, 0, 0)\" class=\"has-inline-color has-neve-link-hover-color-color\">poleci\u0107 <\/mark><\/em>\u2013 b\u0119d\u0105 to minimum 3 darmowe konta bankowe. Zach\u0119cam by by\u0142o ich wi\u0119cej, np. 6 kont. Dlaczego a\u017c tyle? Pozw\u00f3l, \u017ce Ci to wyt\u0142umacz\u0119 w prostej tabelce:<\/h5>\n\n\n\n<figure class=\"wp-block-table\"><table class=\"has-fixed-layout\"><tbody><tr><td>Produkt<\/td><td>Koszt<\/td><td>Prowizja<\/td><td>Ile razy musisz poleci\u0107 by zarobi\u0107&nbsp;<strong>2 tys. z\u0142<\/strong><\/td><\/tr><tr><td>Krem do opalania<\/td><td>50 z\u0142<\/td><td>5 z\u0142<\/td><td>400 polece\u0144<\/td><\/tr><tr><td>1 Konto bankowe<\/td><td>0 z\u0142<\/td><td>100 z\u0142<\/td><td>20 polece\u0144<\/td><\/tr><tr><td>2 Konta<\/td><td>0 z\u0142<\/td><td>200 z\u0142<\/td><td>10 polece\u0144<\/td><\/tr><tr><td>3 Konta<\/td><td>0 z\u0142<\/td><td>300 z\u0142 + bonus 350z\u0142 = 650z\u0142<\/td><td><strong>3 polecenia<\/strong><\/td><\/tr><\/tbody><\/table><\/figure>\n\n\n\n<p><strong>Dlaczego w\u0142a\u015bnie konta bankowe?<\/strong><\/p>\n\n\n\n<p><img decoding=\"async\" src=\"https:\/\/fonts.gstatic.com\/s\/e\/notoemoji\/16.0\/27a1_fe0f\/32.png\" alt=\"\u27a1\ufe0f\">&nbsp;Konto bankowe to produkt, kt\u00f3ry zna ka\u017cdy.<\/p>\n\n\n\n<p><img decoding=\"async\" src=\"https:\/\/fonts.gstatic.com\/s\/e\/notoemoji\/16.0\/27a1_fe0f\/32.png\" alt=\"\u27a1\ufe0f\">&nbsp;Jest darmowe, nie wi\u0105\u017ce si\u0119 z \u017cadn\u0105 po\u017cyczk\u0105 ani inwestycj\u0105.<\/p>\n\n\n\n<p><img decoding=\"async\" src=\"https:\/\/fonts.gstatic.com\/s\/e\/notoemoji\/16.0\/27a1_fe0f\/32.png\" alt=\"\u27a1\ufe0f\">&nbsp;Mo\u017cesz je przetestowa\u0107 i zamkn\u0105\u0107 w dowolnym momencie. B\u0119dziemy zamyka\u0107 testowane produkty wsp\u00f3lnie, Twoja osoba polecona nie zostanie z tym sam\/a.<\/p>\n\n\n\n<hr class=\"wp-block-separator has-alpha-channel-opacity\"\/>\n\n\n\n<p><strong>Jak to wygl\u0105da w praktyce?<\/strong><\/p>\n\n\n\n<p><strong>\u00a0W tym etapie Twoim zadaniem b\u0119dzie polecenie minimum 2 darmowych kont bankowych.<\/strong>\u00a0|<\/p>\n\n\n\n<p><strong>Ka\u017cde z nich:<\/strong><\/p>\n\n\n\n<ul class=\"wp-block-list\">\n<li>jest w pe\u0142ni legalne i bezpieczne,<\/li>\n\n\n\n<li>mo\u017cna je zamkn\u0105\u0107 po okresie promocyjnym, jak to zrobi\u0107 dowiesz si\u0119 w dalszych etapach szkolenia,<\/li>\n\n\n\n<li>pozwoli Ci pozna\u0107 dok\u0142adnie, jak dzia\u0142aj\u0105 procedury, a jest to niezb\u0119dna wiedza by dobrze czu\u0107 si\u0119 w roli eksperta.<\/li>\n<\/ul>\n\n\n\n<p><strong>Co zyskasz?<\/strong><\/p>\n\n\n\n<ul class=\"wp-block-list\">\n<li>Nauczysz si\u0119 w praktyce testowa\u0107 produkty finansowe.<\/li>\n\n\n\n<li>B\u0119dziesz gotowy\/a do pracy w dalszych etapach.<\/li>\n\n\n\n<li>Zobaczysz, \u017ce to naprawd\u0119 proste \u2013<strong>&nbsp;i bez ryzyka.<\/strong><\/li>\n<\/ul>\n\n\n\n<hr class=\"wp-block-separator has-alpha-channel-opacity\"\/>\n\n\n\n<p>Zadanie dla Ciebie to wybranie spo\u015br\u00f3d listy bank\u00f3w minimum 2 kont bankowych i poleceniu ich jednej lub dw\u00f3m osobom. (jedna osoba mo\u017ce za\u0142o\u017cy\u0107 dla Ciebie dwa konta)&nbsp;<\/p>\n\n\n\n<hr class=\"wp-block-separator has-alpha-channel-opacity\"\/>\n\n\n\n<blockquote class=\"wp-block-quote is-layout-flow wp-block-quote-is-layout-flow\">\n<p>WA\u017bNA INFORMACJA!<\/p>\n\n\n\n<p>W tym tygodniu pracujemy przede wszystkim na kontach\u00a0<strong>Santander<\/strong>\u00a0 i <strong>Pekao<\/strong>, i na tym si\u0119 skupiamy.<\/p>\n<\/blockquote>\n\n\n\n<h2 class=\"wp-block-heading has-text-align-center\"><a href=\"https:\/\/leadstar.pl\/lp?pid=20123&amp;tid=0&amp;ha=157738715&amp;prdid=11&amp;lp_version=1\">Lista bank\u00f3w znajduje si\u0119 pod tym linkiem &#8211; RANKING KONT<\/a><\/h2>\n\n\n\n<p>Otw\u00f3rz i skopiuj ten link. Zapisz w wygodnym dla Ciebie miejscu w telefonie. Nast\u0119pnie polecaj go swoim pierwszym klientom.<\/p>\n\n\n\n<hr class=\"wp-block-separator has-alpha-channel-opacity\"\/>\n\n\n\n<p class=\"has-text-align-center\"><strong>PAMI\u0118TAJ, \u017bE ETAP 2 TRZEBA DOCZYTA\u0106 DO KO\u0143CA A POTEM WR\u00d3CI\u0106 DO TEGO MOMENTU&nbsp;<\/strong><\/p>\n\n\n\n<p class=\"has-text-align-center\"><a href=\"https:\/\/bonusowy.hellostrona.pl\/?page_id=23\" data-type=\"page\" data-id=\"23\">WSKAZ\u00d3WKI \u2013 KLIKNIJ ZANIM ZACZNIESZ DZIA\u0141A\u0106<\/a><\/p>\n\n\n\n<pre class=\"wp-block-preformatted\">KONTA ZAK\u0141ADAMY WCHODZ\u0104C WY\u0141\u0104CZNIE NA WYGENEROWAN\u0104 DLA CIEBIE STRON\u0118 Z RANKINGIEM KONT. ZA KA\u017bDYM RAZEM WR\u00d3\u0106CIE RAZEM NA STRON\u0118 I POLE\u0106 KOLEJNE KONTO.<\/pre>\n\n\n\n<hr class=\"wp-block-separator has-alpha-channel-opacity\"\/>\n\n\n\n<h6 class=\"wp-block-heading\"><strong>Zanim Twoja osoba polecona przyst\u0105pi do zak\u0142adania konta, koniecznie powinna wyczy\u015b\u0107 pliki cookies \u2013 To jest BARDZO WA\u017bNE. Musisz tego przypilnowa\u0107. Pami\u0119taj,\u017ce pracujesz na bonusowym etapie dla os\u00f3b wtajemniczonych, wi\u0119c tutaj licz\u0119 na Twoj\u0105 wiedz\u0119. Naby\u0142a\u015b\/e\u015b j\u0105 zak\u0142adaj\u0105c konta wcze\u015bniej. Je\u015bli jednak chcesz od\u015bwie\u017cy\u0107 posiadane umiej\u0119tno\u015bci, napisz do mnie, ch\u0119tnie pomog\u0119!<\/strong><\/h6>\n\n\n\n<p><strong>Je\u015bli nie widzisz filmu poni\u017cej, kliknij tutaj&nbsp;&nbsp;<\/strong><a href=\"https:\/\/www.youtube.com\/watch?v=kkjA20yaWXw\" target=\"_blank\" rel=\"noreferrer noopener\">Jak wyczy\u015bci\u0107 pliki cookies w mojej przegl\u0105darce.<\/a><\/p>\n\n\n\n<p>Mo\u017cesz wys\u0142a\u0107 Twojej osobie poleconej LINK do filmu lub kr\u00f3tk\u0105 instrukcj\u0119:<\/p>\n\n\n\n<pre class=\"wp-block-preformatted\">TRZY KROPKI - HISTORIA - HISTORIA PRZEGLADANIA - ZAZNACZ PLIKI COOKIES - ZMIE\u0143 ZAKRES CZASU NA \"OD POCZ\u0104TKU\" - GOTOWE!<\/pre>\n\n\n\n<figure class=\"wp-block-embed is-type-rich is-provider-obs-uga-osadzania wp-block-embed-obs-uga-osadzania wp-embed-aspect-16-9 wp-has-aspect-ratio\"><div class=\"wp-block-embed__wrapper\">\n<div class=\"nv-iframe-embed\"><iframe loading=\"lazy\" title=\"Google Chrome - usuwanie ciasteczek (cookies) 2018\" width=\"1200\" height=\"675\" src=\"https:\/\/www.youtube.com\/embed\/kkjA20yaWXw?feature=oembed\" frameborder=\"0\" allow=\"accelerometer; autoplay; clipboard-write; encrypted-media; gyroscope; picture-in-picture; web-share\" referrerpolicy=\"strict-origin-when-cross-origin\" allowfullscreen><\/iframe><\/div>\n<\/div><\/figure>\n\n\n\n<hr class=\"wp-block-separator has-alpha-channel-opacity\"\/>\n\n\n\n<h5 class=\"wp-block-heading\">Mam nadziej\u0119 \u017ce wyja\u015bni\u0142am Ci wszystko dok\u0142adnie. Twoja strona do polece\u0144 znajduje si\u0119 poni\u017cej, to w\u0142a\u015bnie t\u0119 stron\u0119 podaj Twojej osobie poleconej, kt\u00f3ra chce do nas do\u0142\u0105czy\u0107! <a href=\"https:\/\/moneystar.hellostrona.pl\/\">https:\/\/moneystar.hellostrona.pl\/<\/a><\/h5>\n\n\n\n<div class=\"wp-block-buttons is-content-justification-center is-layout-flex wp-container-core-buttons-is-layout-16018d1d wp-block-buttons-is-layout-flex\">\n<div class=\"wp-block-button\"><a class=\"wp-block-button__link wp-element-button\" href=\"https:\/\/moneystar.hellostrona.pl\/\"><mark style=\"background-color:rgba(0, 0, 0, 0)\" class=\"has-inline-color has-nv-site-bg-color\">STRONA POLECAJ\u0104CA<\/mark><\/a><\/div>\n<\/div>\n\n\n\n<p><\/p>\n\n\n\n<p>Napisz prosz\u0119 do mnie czy chcesz spr\u00f3bowa\u0107 i przekona\u0107 si\u0119 na w\u0142asnej sk\u00f3rze, \u017ce DA SI\u0118 zarabia\u0107 w Internecie.<\/p>\n\n\n\n<p><strong>Je\u015bli masz jakie\u015b pytania lub w\u0105tpliwo\u015bci to pisz \u015bmia\u0142o.<\/strong><\/p>\n\n\n\n<hr class=\"wp-block-separator has-alpha-channel-opacity\"\/>\n\n\n\n<h4 class=\"wp-block-heading\"><strong>Warunki wykonania Etapu<\/strong><\/h4>\n\n\n\n<ul class=\"wp-block-list\">\n<li><strong>Prze\u015blij stron\u0119 z poleceniem jednej osobie, kt\u00f3ra za\u0142o\u017cy 3 konta<\/strong><\/li>\n\n\n\n<li><strong>Pole\u0107 3 konta bankowe, na&nbsp;<a href=\"https:\/\/leadstar.pl\/lp?pid=20123&amp;tid=0&amp;ha=157738715&amp;prdid=11&amp;lp_version=1\">stronie rankingu<\/a>.<\/strong>&nbsp;Obecnie najbardziej polecane konta to&nbsp;<strong>BANK PEKAO<\/strong>, <strong>BNP PARIBAS<\/strong>&nbsp;i&nbsp;<strong>SANTANDER <\/strong><\/li>\n\n\n\n<li><strong>Popro\u015b o screeny maili powitalnych<\/strong>&nbsp;za\u0142o\u017conych kont i wy\u015blij je do mnie na&nbsp;<strong>Messenger<\/strong>&nbsp;\/ TT lub na mail&nbsp;<strong><a href=\"mailto:kontakt@hellostrona.pl\">kontakt@hellostrona.pl<\/a><\/strong>.&nbsp;<\/li>\n<\/ul>\n\n\n\n<p><\/p>\n\n\n\n<p><strong>GRATULACJE! Przechodzisz DALEJ!&nbsp;<\/strong><\/p>\n\n\n\n<hr class=\"wp-block-separator has-alpha-channel-opacity\"\/>\n\n\n\n<hr class=\"wp-block-separator has-alpha-channel-opacity\"\/>\n\n\n\n<p><strong><em>BARDZO WA\u017bNE<\/em>&nbsp;<\/strong><em><strong>-&gt; Konta zak\u0142ada si\u0119 wchodz\u0105c wy\u0142\u0105cznie na&nbsp;<a href=\"https:\/\/leadstar.pl\/lp?pid=20123&amp;tid=0&amp;ha=157738715&amp;prdid=11&amp;lp_version=1\">stron\u0119 rankingu<\/a>. Za ka\u017cdym razem nale\u017cy wr\u00f3ci\u0107 na ranking i za\u0142o\u017cy\u0107 kolejne konto. Pami\u0119taj, \u017ce kiedy kliknie si\u0119 w baner danego banku i przejdzie do wniosku, nie prze\u0142adowuj ani nie cofaj strony. NALE\u017bY ZAAKCEPTOWA\u0106 PLIKI COOKIES na stronie ka\u017cdego banku.&nbsp;<\/strong><\/em><strong>Przeka\u017c te informacje swojej osobie poleconej!<\/strong><\/p>\n\n\n\n<hr class=\"wp-block-separator has-alpha-channel-opacity\"\/>\n\n\n\n<hr class=\"wp-block-separator has-alpha-channel-opacity\"\/>\n\n\n\n<p><strong>Uczestnictwo w Projekcie MoneyStar \u2013 wykonywanie etap\u00f3w, korzystanie z produkt\u00f3w finansowych jest ca\u0142kowicie dobrowolne \u2013 nie namawiamy tutaj nikogo do niczego, nie musisz tego robi\u0107 je\u015bli nie chcesz!<\/strong>&nbsp;<strong>W projekcie mog\u0105 wzi\u0105\u0107 udzia\u0142 tylko osoby pe\u0142noletnie.<\/strong><\/p>\n\n\n\n<hr class=\"wp-block-separator has-alpha-channel-opacity\"\/>\n\n\n\n<p><img decoding=\"async\" src=\"https:\/\/fonts.gstatic.com\/s\/e\/notoemoji\/16.0\/23f3\/32.png\" alt=\"\u23f3\">&nbsp;Czas na wykonanie zadania:&nbsp;<strong>2 tygodnie licz\u0105c od dzi\u015b<\/strong>.<\/p>\n\n\n\n<p><img decoding=\"async\" src=\"https:\/\/fonts.gstatic.com\/s\/e\/notoemoji\/16.0\/2705\/32.png\" alt=\"\u2705\">&nbsp;W praktyce da si\u0119 to zrobi\u0107 w 3\u20137 dni. Wi\u0119kszo\u015b\u0107 kont otwiera si\u0119 dzi\u015b online. Gdyby by\u0142o inaczej kurier z umow\u0105 cz\u0119sto przyje\u017cd\u017ca ju\u017c kolejnego dnia! B\u0105d\u017a wtedy w domu i odbieraj wszystkie po\u0142\u0105czenia. Im szybciej wykonasz zadania tym szybciej przejdziesz do kolejnego etapu&nbsp;<strong>Projektu MoneyStar<\/strong>.<\/p>\n\n\n\n<p><img decoding=\"async\" src=\"https:\/\/fonts.gstatic.com\/s\/e\/notoemoji\/16.0\/1f4a1\/32.png\" alt=\"\ud83d\udca1\">&nbsp;&nbsp;<strong>Konta bankowe to najprostszy spos\u00f3b, aby z\u0142apa\u0107 pierwsze do\u015bwiadczenia i wysokie wyniki. Dalej b\u0119dzie tylko ciekawiej!<\/strong><\/p>\n\n\n\n<p>Powodzenia \u2013 dzia\u0142amy razem&nbsp;<img decoding=\"async\" src=\"https:\/\/fonts.gstatic.com\/s\/e\/notoemoji\/16.0\/1f4aa\/32.png\" alt=\"\ud83d\udcaa\"><\/p>\n\n\n\n<p><strong>Daria Katarzyna Kr\u00f3l &#8211; Projekt MoneyStar<\/strong><\/p>\n\n\n\n<p><\/p>\n","protected":false},"excerpt":{"rendered":"<p>Szkolenie Bonusowe (z pomini\u0119ciem Etap\u00f3w 1 i 2) Ciesz\u0119 si\u0119, \u017ce tutaj jeste\u015b i chcesz dzia\u0142a\u0107. Zapraszam Ci\u0119 do drugiego,&nbsp;bonusowego etapu szkolenia, stworzonego z my\u015bl\u0105 o tych, kt\u00f3rzy chc\u0105 przej\u015b\u0107 od razu do sedna \u2013 bez konieczno\u015bci uczestniczenia w Etapach 1 i 2. To szkolenie zosta\u0142o zaprojektowane tak, by\u015b m\u00f3g\u0142\/mog\u0142a skorzysta\u0107 z kluczowej wiedzy&nbsp;niezale\u017cnie od&hellip;&nbsp;<a href=\"https:\/\/bonusowy.hellostrona.pl\/\" rel=\"bookmark\"><span class=\"screen-reader-text\">Etap 2.0<\/span><\/a><\/p>\n","protected":false},"author":1,"featured_media":0,"parent":0,"menu_order":0,"comment_status":"closed","ping_status":"closed","template":"","meta":{"neve_meta_sidebar":"","neve_meta_container":"","neve_meta_enable_content_width":"","neve_meta_content_width":0,"neve_meta_title_alignment":"","neve_meta_author_avatar":"","neve_post_elements_order":"","neve_meta_disable_header":"","neve_meta_disable_footer":"","neve_meta_disable_title":"","footnotes":""},"class_list":["post-5","page","type-page","status-publish","hentry"],"_links":{"self":[{"href":"https:\/\/bonusowy.hellostrona.pl\/index.php?rest_route=\/wp\/v2\/pages\/5","targetHints":{"allow":["GET"]}}],"collection":[{"href":"https:\/\/bonusowy.hellostrona.pl\/index.php?rest_route=\/wp\/v2\/pages"}],"about":[{"href":"https:\/\/bonusowy.hellostrona.pl\/index.php?rest_route=\/wp\/v2\/types\/page"}],"author":[{"embeddable":true,"href":"https:\/\/bonusowy.hellostrona.pl\/index.php?rest_route=\/wp\/v2\/users\/1"}],"replies":[{"embeddable":true,"href":"https:\/\/bonusowy.hellostrona.pl\/index.php?rest_route=%2Fwp%2Fv2%2Fcomments&post=5"}],"version-history":[{"count":15,"href":"https:\/\/bonusowy.hellostrona.pl\/index.php?rest_route=\/wp\/v2\/pages\/5\/revisions"}],"predecessor-version":[{"id":37,"href":"https:\/\/bonusowy.hellostrona.pl\/index.php?rest_route=\/wp\/v2\/pages\/5\/revisions\/37"}],"wp:attachment":[{"href":"https:\/\/bonusowy.hellostrona.pl\/index.php?rest_route=%2Fwp%2Fv2%2Fmedia&parent=5"}],"curies":[{"name":"wp","href":"https:\/\/api.w.org\/{rel}","templated":true}]}}